{"id":2826,"date":"2018-04-05T11:46:34","date_gmt":"2018-04-05T11:46:34","guid":{"rendered":"https:\/\/hotel-faraon.si\/slo\/?page_id=2826"},"modified":"2025-12-08T10:45:13","modified_gmt":"2025-12-08T10:45:13","slug":"igralni-salon","status":"publish","type":"page","link":"https:\/\/hotel-faraon.si\/slo\/en\/home\/igralni-salon\/","title":{"rendered":"Igralni salon CASINO FARAON"},"content":{"rendered":"<p>[vc_row][vc_column][vc_empty_space height=&#8221;35px&#8221;][vc_row_inner][vc_column_inner][vc_column_text css_animation=&#8221;bounceInUp&#8221;]IGRALNI SALON CASINO FARAON je za\u010del delovati leta 2004. Celoten ambient je urejen na temo starega Egipta. Ob vstopu v prostore casinoja vas bo pri\u010dakalo prijetno osebje, ter ob\u010dutek \u017eivljenja v piramidah. Prostori so oblikovani v stilu bli\u0161\u010da, kot so ga poznali v \u010dasih starega Egipta. Notranjost igralnega salona je poslikana z risbami in figurami, s kakr\u0161nimi so bile poslikane grobnice piramid v starem Egiptu, v razko\u0161ju zlatih barv.[\/vc_column_text][\/vc_column_inner][\/vc_row_inner][\/vc_column][\/vc_row][vc_row][vc_column width=&#8221;1\/2&#8243;][vc_single_image image=&#8221;3292&#8243; img_size=&#8221;large&#8221; alignment=&#8221;center&#8221; style=&#8221;vc_box_rounded&#8221;][\/vc_column][vc_column width=&#8221;1\/2&#8243;][vc_single_image image=&#8221;3285&#8243; img_size=&#8221;large&#8221; alignment=&#8221;center&#8221; style=&#8221;vc_box_rounded&#8221;][\/vc_column][\/vc_row]<\/p>\n","protected":false},"excerpt":{"rendered":"<p>[vc_row][vc_column][vc_empty_space height=&#8221;35px&#8221;][vc_row_inner][vc_column_inner][vc_column_text css_animation=&#8221;bounceInUp&#8221;]IGRALNI SALON CASINO FARAON je za\u010del delovati leta 2004. Celoten ambient je urejen na temo starega Egipta. Ob vstopu v prostore [&hellip;]<\/p>\n","protected":false},"author":1,"featured_media":0,"parent":2520,"menu_order":35,"comment_status":"closed","ping_status":"closed","template":"","meta":[],"_links":{"self":[{"href":"https:\/\/hotel-faraon.si\/slo\/en\/wp-json\/wp\/v2\/pages\/2826"}],"collection":[{"href":"https:\/\/hotel-faraon.si\/slo\/en\/wp-json\/wp\/v2\/pages"}],"about":[{"href":"https:\/\/hotel-faraon.si\/slo\/en\/wp-json\/wp\/v2\/types\/page"}],"author":[{"embeddable":true,"href":"https:\/\/hotel-faraon.si\/slo\/en\/wp-json\/wp\/v2\/users\/1"}],"replies":[{"embeddable":true,"href":"https:\/\/hotel-faraon.si\/slo\/en\/wp-json\/wp\/v2\/comments?post=2826"}],"version-history":[{"count":10,"href":"https:\/\/hotel-faraon.si\/slo\/en\/wp-json\/wp\/v2\/pages\/2826\/revisions"}],"predecessor-version":[{"id":3298,"href":"https:\/\/hotel-faraon.si\/slo\/en\/wp-json\/wp\/v2\/pages\/2826\/revisions\/3298"}],"up":[{"embeddable":true,"href":"https:\/\/hotel-faraon.si\/slo\/en\/wp-json\/wp\/v2\/pages\/2520"}],"wp:attachment":[{"href":"https:\/\/hotel-faraon.si\/slo\/en\/wp-json\/wp\/v2\/media?parent=2826"}],"curies":[{"name":"wp","href":"https:\/\/api.w.org\/{rel}","templated":true}]}}