{"id":2521,"date":"2017-02-08T18:38:36","date_gmt":"2017-02-08T18:38:36","guid":{"rendered":"http:\/\/keydesign-themes.com\/intact\/creative-agency\/?page_id=8"},"modified":"2021-09-24T10:05:33","modified_gmt":"2021-09-24T10:05:33","slug":"o-hotelu","status":"publish","type":"page","link":"https:\/\/hotel-faraon.si\/slo\/home\/o-hotelu\/","title":{"rendered":"O hotelu"},"content":{"rendered":"<p>[vc_row][vc_column width=&#8221;5\/12&#8243; css=&#8221;.vc_custom_1486646964506{padding-right: 90px !important;}&#8221;][vc_custom_heading text=&#8221;O hotelu&#8221; use_theme_fonts=&#8221;yes&#8221;][vc_empty_space height=&#8221;25px&#8221;][vc_separator color=&#8221;custom&#8221; align=&#8221;align_left&#8221; border_width=&#8221;2&#8243; el_width=&#8221;10&#8243;][vc_custom_heading text=&#8221;HOTEL FARAON je lociran v mirnem delu mesta Celje, ob reki Savinji. Bli\u017eina starega mestnega jedra, sejemskega prostora in raznih turisti\u010dnih znamenitosti so razlogi, da nas obi\u0161\u010dejo tako turisti kot tudi poslovne\u017ei.&#8221; font_container=&#8221;tag:p|font_size:16|text_align:left&#8221; use_theme_fonts=&#8221;yes&#8221;][vc_empty_space height=&#8221;25px&#8221;][vc_custom_heading text=&#8221;Gostom je na voljo 32 komfortno opremljenih sob, del teh tudi z balkonom in pogledom na obre\u017eje reke Savinje. V sklopu hotela vam je na voljo kavarna in restavracija LISJAK CELJSKI, ter Igralni salon CASINO FARAON. Hotel Faraon je idealna izbira tudi za ve\u010dje skupine, saj nudi mo\u017enost parkiranja avtobusa. Na\u0161i gostje lahko parkiri\u0161\u010de ob hotelu, ter Wi-Fi koristijo brezpla\u010dno.&#8221; font_container=&#8221;tag:p|font_size:16|text_align:left&#8221; use_theme_fonts=&#8221;yes&#8221;][vc_empty_space height=&#8221;25px&#8221;][vc_custom_heading text=&#8221;Kot \u017eivalim prijazen hotel, z veseljem sprejmemo va\u0161e hi\u0161ne ljubljen\u010dke. Idili\u010dne sprehajalne poti ob reki Savinji in mestnem parku vam ponujajo sprostitev in rekreacijo.<br \/>\nZa bolj brezskrbno pot do na\u0161ega hotela smo vam na voljo 24 ur na dan.&#8221; font_container=&#8221;tag:p|font_size:16|text_align:left&#8221; use_theme_fonts=&#8221;yes&#8221;][\/vc_column][vc_column width=&#8221;7\/12&#8243;][vc_single_image image=&#8221;3192&#8243; img_size=&#8221;600&#215;300&#8243; alignment=&#8221;center&#8221; style=&#8221;vc_box_rounded&#8221; onclick=&#8221;link_image&#8221;][vc_single_image image=&#8221;3146&#8243; img_size=&#8221;600&#215;300&#8243; alignment=&#8221;center&#8221; style=&#8221;vc_box_rounded&#8221; onclick=&#8221;link_image&#8221;][\/vc_column][\/vc_row]<\/p>\n","protected":false},"excerpt":{"rendered":"<p>[vc_row][vc_column width=&#8221;5\/12&#8243; css=&#8221;.vc_custom_1486646964506{padding-right: 90px !important;}&#8221;][vc_custom_heading text=&#8221;O hotelu&#8221; use_theme_fonts=&#8221;yes&#8221;][vc_empty_space height=&#8221;25px&#8221;][vc_separator color=&#8221;custom&#8221; align=&#8221;align_left&#8221; border_width=&#8221;2&#8243; el_width=&#8221;10&#8243;][vc_custom_heading text=&#8221;HOTEL FARAON je lociran v mirnem delu mesta Celje, ob [&hellip;]<\/p>\n","protected":false},"author":1,"featured_media":0,"parent":2520,"menu_order":10,"comment_status":"closed","ping_status":"closed","template":"","meta":[],"_links":{"self":[{"href":"https:\/\/hotel-faraon.si\/slo\/wp-json\/wp\/v2\/pages\/2521"}],"collection":[{"href":"https:\/\/hotel-faraon.si\/slo\/wp-json\/wp\/v2\/pages"}],"about":[{"href":"https:\/\/hotel-faraon.si\/slo\/wp-json\/wp\/v2\/types\/page"}],"author":[{"embeddable":true,"href":"https:\/\/hotel-faraon.si\/slo\/wp-json\/wp\/v2\/users\/1"}],"replies":[{"embeddable":true,"href":"https:\/\/hotel-faraon.si\/slo\/wp-json\/wp\/v2\/comments?post=2521"}],"version-history":[{"count":32,"href":"https:\/\/hotel-faraon.si\/slo\/wp-json\/wp\/v2\/pages\/2521\/revisions"}],"predecessor-version":[{"id":3196,"href":"https:\/\/hotel-faraon.si\/slo\/wp-json\/wp\/v2\/pages\/2521\/revisions\/3196"}],"up":[{"embeddable":true,"href":"https:\/\/hotel-faraon.si\/slo\/wp-json\/wp\/v2\/pages\/2520"}],"wp:attachment":[{"href":"https:\/\/hotel-faraon.si\/slo\/wp-json\/wp\/v2\/media?parent=2521"}],"curies":[{"name":"wp","href":"https:\/\/api.w.org\/{rel}","templated":true}]}}