{"id":2562,"date":"2017-02-08T18:41:17","date_gmt":"2017-02-08T18:41:17","guid":{"rendered":"http:\/\/keydesign-themes.com\/intact\/creative-agency\/?page_id=23"},"modified":"2023-12-25T15:50:52","modified_gmt":"2023-12-25T15:50:52","slug":"kontakt","status":"publish","type":"page","link":"https:\/\/hotel-faraon.si\/slo\/home\/kontakt\/","title":{"rendered":"Kontakt"},"content":{"rendered":"<p>[vc_row][vc_column width=&#8221;1\/12&#8243;][\/vc_column][vc_column width=&#8221;10\/12&#8243; css=&#8221;.vc_custom_1486807626963{padding-top: 60px !important;padding-right: 80px !important;padding-bottom: 80px !important;padding-left: 80px !important;background-color: #1f1f1f !important;border-radius: 25px !important;}&#8221;][vc_custom_heading text=&#8221;Kontaktirajte nas&#8221; font_container=&#8221;tag:h2|text_align:center|color:%23ce9014&#8243; use_theme_fonts=&#8221;yes&#8221;][vc_custom_heading text=&#8221;&#8221; font_container=&#8221;tag:p|font_size:18px|text_align:center|color:%23ffffff&#8221; use_theme_fonts=&#8221;yes&#8221; css=&#8221;.vc_custom_1521069441836{margin-bottom: 80px !important;}&#8221;][vc_row_inner css=&#8221;.vc_custom_1486807672187{margin-bottom: 60px !important;}&#8221;][vc_column_inner width=&#8221;1\/2&#8243; css=&#8221;.vc_custom_1486807174882{padding-right: 50px !important;}&#8221;]<div class=\"key-icon-box icon-default icon-left  kd-animated fadeInUp \" style=\"background-color: none;\" ><i class=\"iconsmind-Phone-2 fa\" style=\"font-size: 50px; color: #ce9014;\"><\/i> <h4 class=\"service-heading\" style=\"color: #ce9014;\">Telefon<\/h4><p style=\"color: #ce9014;\">03\/ 428 - 7100<\/p><\/div>[\/vc_column_inner][vc_column_inner width=&#8221;1\/2&#8243; css=&#8221;.vc_custom_1486807179266{padding-right: 50px !important;}&#8221;]<div class=\"key-icon-box icon-default icon-left  kd-animated fadeInUp \" style=\"background-color: none;\" data-animation-delay=200><i class=\"iconsmind-Warehouse fa\" style=\"font-size: 50px; color: #ce9014;\"><\/i> <h4 class=\"service-heading\" style=\"color: #ce9014;\">Naslov<\/h4><p style=\"color: #ce9014;\">MARWIN D.O.O.<br \/>\nLjubljanska cesta 39<br \/>\n3000 CELJE<br \/>\nHOTEL FARAON***<br \/>\n<\/p><\/div>[\/vc_column_inner][\/vc_row_inner][vc_row_inner css=&#8221;.vc_custom_1486807664940{margin-bottom: 65px !important;}&#8221;][vc_column_inner width=&#8221;1\/2&#8243; css=&#8221;.vc_custom_1521798922744{padding-right: 50px !important;}&#8221;]<div class=\"key-icon-box icon-default icon-left  kd-animated fadeInUp \" style=\"background-color: none;\" ><i class=\"iconsmind-Fax fa\" style=\"font-size: 50px; color: #ce9014;\"><\/i> <h4 class=\"service-heading\" style=\"color: #ce9014;\">Fax<\/h4><p style=\"color: #ce9014;\">03\/ 428 - 7109<\/p><\/div>[\/vc_column_inner][vc_column_inner width=&#8221;1\/2&#8243; css=&#8221;.vc_custom_1521798927648{padding-right: 50px !important;}&#8221;]<div class=\"key-icon-box icon-default icon-left  kd-animated fadeInUp \" style=\"background-color: none;\" data-animation-delay=200><i class=\"iconsmind-Cloud-Email fa\" style=\"font-size: 50px; color: #ce9014;\"><\/i> <h4 class=\"service-heading\" style=\"color: #ce9014;\">Email<\/h4><p style=\"color: #ce9014;\">hotel.faraon@siol.net<\/p><\/div>[\/vc_column_inner][\/vc_row_inner][vc_row_inner][vc_column_inner][vc_custom_heading text=&#8221;&#8221; font_container=&#8221;tag:p|font_size:18px|text_align:center|color:%23ffffff&#8221; use_theme_fonts=&#8221;yes&#8221; css=&#8221;.vc_custom_1522881433396{margin-bottom: 23px !important;}&#8221;][\/vc_column_inner][\/vc_row_inner][\/vc_column][vc_column width=&#8221;1\/12&#8243;][\/vc_column][\/vc_row][vc_row][vc_column][vc_single_image image=&#8221;3198&#8243; img_size=&#8221;full&#8221; alignment=&#8221;right&#8221; css=&#8221;.vc_custom_1632478966733{margin-top: 20px !important;margin-right: 90px !important;}&#8221;][vc_single_image image=&#8221;3240&#8243; img_size=&#8221;large&#8221; alignment=&#8221;center&#8221; onclick=&#8221;custom_link&#8221; img_link_target=&#8221;_blank&#8221; link=&#8221;http:\/\/www.eu-skladi.si&#8221;][vc_column_text]Predstavljamo vam operacijo MFE Faraon, ki je sofinanciana s strani (EU) Evropske kohezijske politike in Republike Slovenije.<\/p>\n<p>Operacija se osredoto\u010da na pove\u010danje dele\u017ea obnovljivih virov energije v kon\u010dni rabi energije.<\/p>\n<p>Z investicijsko namero podjetje sledi cilju energetske samozadostnosti in neodvisnosti, tj. zmanj\u0161evanja rabe energije, varovanje okolja in uvajanje oz. pove\u010danja obnovljivih virov energije.<\/p>\n<p>Z investicijo se bodo zmanj\u0161ali izpusti ogljikovega dioksida za 51,67 ton. Pri tem bo z investicijo name\u0161\u010dena\u00a0son\u010dna elektrarna nazivne mo\u010di 100,4 kWp. Veseli nas, da bomo pri tem projektu sodelovali s podjetjem SunContract d. o.o.[\/vc_column_text][\/vc_column][\/vc_row]<\/p>\n","protected":false},"excerpt":{"rendered":"<p>[vc_row][vc_column width=&#8221;1\/12&#8243;][\/vc_column][vc_column width=&#8221;10\/12&#8243; css=&#8221;.vc_custom_1486807626963{padding-top: 60px !important;padding-right: 80px !important;padding-bottom: 80px !important;padding-left: 80px !important;background-color: #1f1f1f !important;border-radius: 25px !important;}&#8221;][vc_custom_heading text=&#8221;Kontaktirajte nas&#8221; font_container=&#8221;tag:h2|text_align:center|color:%23ce9014&#8243; use_theme_fonts=&#8221;yes&#8221;][vc_custom_heading text=&#8221;&#8221; font_container=&#8221;tag:p|font_size:18px|text_align:center|color:%23ffffff&#8221; use_theme_fonts=&#8221;yes&#8221; [&hellip;]<\/p>\n","protected":false},"author":1,"featured_media":0,"parent":2520,"menu_order":50,"comment_status":"closed","ping_status":"closed","template":"","meta":[],"_links":{"self":[{"href":"https:\/\/hotel-faraon.si\/slo\/wp-json\/wp\/v2\/pages\/2562"}],"collection":[{"href":"https:\/\/hotel-faraon.si\/slo\/wp-json\/wp\/v2\/pages"}],"about":[{"href":"https:\/\/hotel-faraon.si\/slo\/wp-json\/wp\/v2\/types\/page"}],"author":[{"embeddable":true,"href":"https:\/\/hotel-faraon.si\/slo\/wp-json\/wp\/v2\/users\/1"}],"replies":[{"embeddable":true,"href":"https:\/\/hotel-faraon.si\/slo\/wp-json\/wp\/v2\/comments?post=2562"}],"version-history":[{"count":46,"href":"https:\/\/hotel-faraon.si\/slo\/wp-json\/wp\/v2\/pages\/2562\/revisions"}],"predecessor-version":[{"id":3256,"href":"https:\/\/hotel-faraon.si\/slo\/wp-json\/wp\/v2\/pages\/2562\/revisions\/3256"}],"up":[{"embeddable":true,"href":"https:\/\/hotel-faraon.si\/slo\/wp-json\/wp\/v2\/pages\/2520"}],"wp:attachment":[{"href":"https:\/\/hotel-faraon.si\/slo\/wp-json\/wp\/v2\/media?parent=2562"}],"curies":[{"name":"wp","href":"https:\/\/api.w.org\/{rel}","templated":true}]}}